{"id":2504,"date":"2025-10-22T12:38:02","date_gmt":"2025-10-22T10:38:02","guid":{"rendered":"https:\/\/www.lavilladix.com\/?page_id=2504"},"modified":"2025-11-25T14:49:04","modified_gmt":"2025-11-25T13:49:04","slug":"special-offers-2","status":"publish","type":"page","link":"https:\/\/www.lavilladix.com\/en\/offres-speciales-2\/","title":{"rendered":"Special Offers"},"content":{"rendered":"<div data-elementor-type=\"wp-page\" data-elementor-id=\"2504\" class=\"elementor elementor-2504\" data-elementor-post-type=\"page\">\n\t\t\t\t\t\t<section class=\"elementor-section elementor-top-section elementor-element elementor-element-2e9f1fae elementor-section-height-min-height elementor-section-boxed elementor-section-height-default elementor-section-items-middle\" data-id=\"2e9f1fae\" data-element_type=\"section\" data-e-type=\"section\" data-settings=\"{&quot;background_background&quot;:&quot;classic&quot;}\">\n\t\t\t\t\t\t\t<div class=\"elementor-background-overlay\"><\/div>\n\t\t\t\t\t\t\t<div class=\"elementor-container elementor-column-gap-default\">\n\t\t\t\t\t<div class=\"elementor-column elementor-col-100 elementor-top-column elementor-element elementor-element-319466bf\" data-id=\"319466bf\" data-element_type=\"column\" data-e-type=\"column\">\n\t\t\t<div class=\"elementor-widget-wrap elementor-element-populated\">\n\t\t\t\t\t\t<div class=\"elementor-element elementor-element-5cdda906 elementor-widget elementor-widget-heading\" data-id=\"5cdda906\" data-element_type=\"widget\" data-e-type=\"widget\" data-widget_type=\"heading.default\">\n\t\t\t\t<div class=\"elementor-widget-container\">\n\t\t\t\t\t<h2 class=\"elementor-heading-title elementor-size-default\">Special offers<\/h2>\t\t\t\t<\/div>\n\t\t\t\t<\/div>\n\t\t\t\t<div class=\"elementor-element elementor-element-5a0d2bd0 elementor-widget elementor-widget-heading\" data-id=\"5a0d2bd0\" data-element_type=\"widget\" data-e-type=\"widget\" data-widget_type=\"heading.default\">\n\t\t\t\t<div class=\"elementor-widget-container\">\n\t\t\t\t\t<h1 class=\"elementor-heading-title elementor-size-default\">from our hotel in \u00c9tretat<\/h1>\t\t\t\t<\/div>\n\t\t\t\t<\/div>\n\t\t\t\t<div class=\"elementor-element elementor-element-4938b18 bouton-transp elementor-align-justify elementor-widget__width-initial elementor-widget-mobile__width-initial elementor-widget elementor-widget-button\" data-id=\"4938b18\" data-element_type=\"widget\" data-e-type=\"widget\" data-widget_type=\"button.default\">\n\t\t\t\t<div class=\"elementor-widget-container\">\n\t\t\t\t\t\t\t\t\t<div class=\"elementor-button-wrapper\">\n\t\t\t\t\t<a class=\"elementor-button elementor-button-link elementor-size-sm\" href=\"#offreexclusive\">\n\t\t\t\t\t\t<span class=\"elementor-button-content-wrapper\">\n\t\t\t\t\t\t\t\t\t<span class=\"elementor-button-text\">See more<\/span>\n\t\t\t\t\t<\/span>\n\t\t\t\t\t<\/a>\n\t\t\t\t<\/div>\n\t\t\t\t\t\t\t\t<\/div>\n\t\t\t\t<\/div>\n\t\t\t\t<div class=\"elementor-element elementor-element-5e392b89 elementor-widget-divider--view-line elementor-widget elementor-widget-divider\" data-id=\"5e392b89\" data-element_type=\"widget\" data-e-type=\"widget\" data-widget_type=\"divider.default\">\n\t\t\t\t<div class=\"elementor-widget-container\">\n\t\t\t\t\t\t\t<div class=\"elementor-divider\">\n\t\t\t<span class=\"elementor-divider-separator\">\n\t\t\t\t\t\t<\/span>\n\t\t<\/div>\n\t\t\t\t\t\t<\/div>\n\t\t\t\t<\/div>\n\t\t\t\t\t<\/div>\n\t\t<\/div>\n\t\t\t\t\t<\/div>\n\t\t<\/section>\n\t\t\t\t<section class=\"elementor-section elementor-top-section elementor-element elementor-element-24105327 elementor-reverse-tablet elementor-reverse-mobile elementor-section-boxed elementor-section-height-default elementor-section-height-default\" data-id=\"24105327\" data-element_type=\"section\" data-e-type=\"section\" data-settings=\"{&quot;background_background&quot;:&quot;classic&quot;}\">\n\t\t\t\t\t\t\t<div class=\"elementor-background-overlay\"><\/div>\n\t\t\t\t\t\t\t<div class=\"elementor-container elementor-column-gap-no\">\n\t\t\t\t\t<div class=\"elementor-column elementor-col-50 elementor-top-column elementor-element elementor-element-41f21c6c\" data-id=\"41f21c6c\" data-element_type=\"column\" data-e-type=\"column\">\n\t\t\t<div class=\"elementor-widget-wrap elementor-element-populated\">\n\t\t\t\t\t\t<section class=\"elementor-section elementor-inner-section elementor-element elementor-element-e42da49 elementor-section-boxed elementor-section-height-default elementor-section-height-default\" data-id=\"e42da49\" data-element_type=\"section\" data-e-type=\"section\" id=\"offreexclusive\" data-settings=\"{&quot;background_background&quot;:&quot;classic&quot;}\">\n\t\t\t\t\t\t<div class=\"elementor-container elementor-column-gap-default\">\n\t\t\t\t\t<div class=\"elementor-column elementor-col-100 elementor-inner-column elementor-element elementor-element-511d6f77\" data-id=\"511d6f77\" data-element_type=\"column\" data-e-type=\"column\">\n\t\t\t<div class=\"elementor-widget-wrap elementor-element-populated\">\n\t\t\t\t\t\t<div class=\"elementor-element elementor-element-4f03772 elementor-widget elementor-widget-heading\" data-id=\"4f03772\" data-element_type=\"widget\" data-e-type=\"widget\" data-widget_type=\"heading.default\">\n\t\t\t\t<div class=\"elementor-widget-container\">\n\t\t\t\t\t<h2 class=\"elementor-heading-title elementor-size-default\">Exclusive winter offer<\/h2>\t\t\t\t<\/div>\n\t\t\t\t<\/div>\n\t\t\t\t<div class=\"elementor-element elementor-element-1ac669c6 elementor-widget-divider--view-line elementor-widget elementor-widget-divider\" data-id=\"1ac669c6\" data-element_type=\"widget\" data-e-type=\"widget\" data-widget_type=\"divider.default\">\n\t\t\t\t<div class=\"elementor-widget-container\">\n\t\t\t\t\t\t\t<div class=\"elementor-divider\">\n\t\t\t<span class=\"elementor-divider-separator\">\n\t\t\t\t\t\t<\/span>\n\t\t<\/div>\n\t\t\t\t\t\t<\/div>\n\t\t\t\t<\/div>\n\t\t\t\t<div class=\"elementor-element elementor-element-1cf1dcca elementor-widget elementor-widget-text-editor\" data-id=\"1cf1dcca\" data-element_type=\"widget\" data-e-type=\"widget\" data-widget_type=\"text-editor.default\">\n\t\t\t\t<div class=\"elementor-widget-container\">\n\t\t\t\t\t\t\t\t\t<p class=\"p1\"><span class=\"s1\">In the winter light, \u00c9tretat reveals a new facet of its timeless charm.<\/span><\/p><p>\u00a0<\/p><p class=\"p1\"><span class=\"s1\">Nestling just a stone's throw from the sea, <\/span><span class=\"s2\">The Villa 10<\/span><span class=\"s1\"> invites you to enjoy a timeless interlude of period charm and well-being.<\/span><\/p><p>\u00a0<\/p><p class=\"p1\"><span class=\"s1\">From <\/span><strong><span class=\"s2\">11 November to 5 December 2025<\/span><\/strong><span class=\"s1\"> and <\/span><strong><span class=\"s2\">19 December 2025 to 31 March 2026<\/span><\/strong><span class=\"s1\">Take advantage of our special offers:<\/span><\/p><p>\u00a0<\/p><p class=\"p1\"><strong><span class=\"s2\">- 50 % on your 2\u1d49 night <\/span><\/strong><span class=\"s2\">(excluding stays with a Saturday)<\/span><span class=\"s1\"> or <\/span><strong><span class=\"s2\">3\u1d49 night free<\/span><\/strong><span class=\"s1\"> (excluding stays with a Sunday departure, outside school holidays, depending on the dates of stay).<\/span><\/p><p>\u00a0<\/p><p class=\"p1\"><span class=\"s1\">Let yourself be seduced by the villa's cosy atmosphere, its family home feel and the tranquillity of its sauna-hammam area.<\/span><\/p><p>\u00a0<\/p><p class=\"p1\"><span class=\"s1\">An elegant retreat where you can recharge your batteries between the sea, cliffs and mild winters.<\/span><\/p>\t\t\t\t\t\t\t\t<\/div>\n\t\t\t\t<\/div>\n\t\t\t\t<div class=\"elementor-element elementor-element-ad6bd72 elementor-widget elementor-widget-text-editor\" data-id=\"ad6bd72\" data-element_type=\"widget\" data-e-type=\"widget\" data-widget_type=\"text-editor.default\">\n\t\t\t\t<div class=\"elementor-widget-container\">\n\t\t\t\t\t\t\t\t\t<p>Non-cancellable, non-changeable offer.<\/p><p>Non-refundable.<br \/>Payment on booking.<\/p>\t\t\t\t\t\t\t\t<\/div>\n\t\t\t\t<\/div>\n\t\t\t\t<div class=\"elementor-element elementor-element-fc42332 bouton-transp elementor-align-justify elementor-widget__width-initial elementor-widget-mobile__width-initial elementor-widget elementor-widget-button\" data-id=\"fc42332\" data-element_type=\"widget\" data-e-type=\"widget\" data-widget_type=\"button.default\">\n\t\t\t\t<div class=\"elementor-widget-container\">\n\t\t\t\t\t\t\t\t\t<div class=\"elementor-button-wrapper\">\n\t\t\t\t\t<a class=\"elementor-button elementor-button-link elementor-size-sm\" href=\"https:\/\/www.secure-hotel-booking.com\/d-edge\/Groupe-Galesa\/JHEV\/fr-FR?=&#038;rateAction=filter&#038;sort=AscendingPrice&#038;_gl=1*1rarr28*_ga*MzM2MDAyNTEuMTc0OTAzMDk4Ng..*_ga_FE4NV2JZG1*czE3NjExMjczNTQkbzMyJGcxJHQxNzYxMTI4NDkzJGo1OSRsMCRoMA..*_ga_19RKPLGV5E*czE3NjExMjczNTUkbzMxJGcxJHQxNzYxMTI4NDkzJGo2MCRsMCRoMA..*_ga_2FT8PWW6CC*czE3NjExMjczNTUkbzMyJGcxJHQxNzYxMTI4NDkzJGo2MCRsMCRoMA..\" target=\"_blank\" rel=\"nofollow noopener\">\n\t\t\t\t\t\t<span class=\"elementor-button-content-wrapper\">\n\t\t\t\t\t\t\t\t\t<span class=\"elementor-button-text\">Book<\/span>\n\t\t\t\t\t<\/span>\n\t\t\t\t\t<\/a>\n\t\t\t\t<\/div>\n\t\t\t\t\t\t\t\t<\/div>\n\t\t\t\t<\/div>\n\t\t\t\t\t<\/div>\n\t\t<\/div>\n\t\t\t\t\t<\/div>\n\t\t<\/section>\n\t\t\t\t\t<\/div>\n\t\t<\/div>\n\t\t\t\t<div class=\"elementor-column elementor-col-50 elementor-top-column elementor-element elementor-element-1f40789f\" data-id=\"1f40789f\" data-element_type=\"column\" data-e-type=\"column\">\n\t\t\t<div class=\"elementor-widget-wrap elementor-element-populated\">\n\t\t\t\t\t\t<div class=\"elementor-element elementor-element-7cfbbad e-transform elementor-widget elementor-widget-image\" data-id=\"7cfbbad\" data-element_type=\"widget\" data-e-type=\"widget\" data-settings=\"{&quot;_transform_flipX_effect&quot;:&quot;transform&quot;}\" data-widget_type=\"image.default\">\n\t\t\t\t<div class=\"elementor-widget-container\">\n\t\t\t\t\t\t\t\t\t\t\t\t\t\t\t<img fetchpriority=\"high\" decoding=\"async\" width=\"683\" height=\"1024\" src=\"https:\/\/www.lavilladix.com\/wp-content\/uploads\/2025\/01\/847FDA88-CB4C-4A1E-BB44-3ED54B9D9D0E-683x1024.jpeg\" class=\"attachment-large size-large wp-image-2300\" alt=\"\" srcset=\"https:\/\/www.lavilladix.com\/wp-content\/uploads\/2025\/01\/847FDA88-CB4C-4A1E-BB44-3ED54B9D9D0E-683x1024.jpeg 683w, https:\/\/www.lavilladix.com\/wp-content\/uploads\/2025\/01\/847FDA88-CB4C-4A1E-BB44-3ED54B9D9D0E-200x300.jpeg 200w, https:\/\/www.lavilladix.com\/wp-content\/uploads\/2025\/01\/847FDA88-CB4C-4A1E-BB44-3ED54B9D9D0E-768x1152.jpeg 768w, https:\/\/www.lavilladix.com\/wp-content\/uploads\/2025\/01\/847FDA88-CB4C-4A1E-BB44-3ED54B9D9D0E-1024x1536.jpeg 1024w, https:\/\/www.lavilladix.com\/wp-content\/uploads\/2025\/01\/847FDA88-CB4C-4A1E-BB44-3ED54B9D9D0E-1365x2048.jpeg 1365w, https:\/\/www.lavilladix.com\/wp-content\/uploads\/2025\/01\/847FDA88-CB4C-4A1E-BB44-3ED54B9D9D0E-8x12.jpeg 8w, https:\/\/www.lavilladix.com\/wp-content\/uploads\/2025\/01\/847FDA88-CB4C-4A1E-BB44-3ED54B9D9D0E-scaled.jpeg 1707w\" sizes=\"(max-width: 683px) 100vw, 683px\" title=\"Photo -\">\t\t\t\t\t\t\t\t\t\t\t\t\t\t\t<\/div>\n\t\t\t\t<\/div>\n\t\t\t\t\t<\/div>\n\t\t<\/div>\n\t\t\t\t\t<\/div>\n\t\t<\/section>\n\t\t\t\t<\/div>","protected":false},"excerpt":{"rendered":"<p>Offres sp\u00e9ciales de notre h\u00f4tel \u00e0 \u00c9tretat Voir la suite Offre exclusive Hivernale Sous la lumi\u00e8re d\u2019hiver, \u00c9tretat d\u00e9voile une nouvelle facette de son charme intemporel. \u00a0 Nich\u00e9e \u00e0 quelques pas de la mer, La Villa 10 vous invite \u00e0 savourer une parenth\u00e8se hors du temps, entre charme d\u2019\u00e9poque et bien-\u00eatre. \u00a0 Du 11 novembre [&hellip;]<\/p>\n","protected":false},"author":21,"featured_media":0,"parent":0,"menu_order":0,"comment_status":"closed","ping_status":"closed","template":"","meta":{"inline_featured_image":false,"footnotes":""},"class_list":["post-2504","page","type-page","status-publish","hentry"],"_links":{"self":[{"href":"https:\/\/www.lavilladix.com\/en\/wp-json\/wp\/v2\/pages\/2504","targetHints":{"allow":["GET"]}}],"collection":[{"href":"https:\/\/www.lavilladix.com\/en\/wp-json\/wp\/v2\/pages"}],"about":[{"href":"https:\/\/www.lavilladix.com\/en\/wp-json\/wp\/v2\/types\/page"}],"author":[{"embeddable":true,"href":"https:\/\/www.lavilladix.com\/en\/wp-json\/wp\/v2\/users\/21"}],"replies":[{"embeddable":true,"href":"https:\/\/www.lavilladix.com\/en\/wp-json\/wp\/v2\/comments?post=2504"}],"version-history":[{"count":40,"href":"https:\/\/www.lavilladix.com\/en\/wp-json\/wp\/v2\/pages\/2504\/revisions"}],"predecessor-version":[{"id":2584,"href":"https:\/\/www.lavilladix.com\/en\/wp-json\/wp\/v2\/pages\/2504\/revisions\/2584"}],"wp:attachment":[{"href":"https:\/\/www.lavilladix.com\/en\/wp-json\/wp\/v2\/media?parent=2504"}],"curies":[{"name":"wp","href":"https:\/\/api.w.org\/{rel}","templated":true}]}}