{"id":164,"date":"2022-07-15T10:13:08","date_gmt":"2022-07-15T08:13:08","guid":{"rendered":"https:\/\/www.lavilladix.com\/?page_id=164"},"modified":"2025-11-25T15:15:24","modified_gmt":"2025-11-25T14:15:24","slug":"normandy","status":"publish","type":"page","link":"https:\/\/www.lavilladix.com\/en\/etretat-hotel\/la-normandie\/","title":{"rendered":"Normandy"},"content":{"rendered":"<div data-elementor-type=\"wp-page\" data-elementor-id=\"164\" class=\"elementor elementor-164\" data-elementor-post-type=\"page\">\n\t\t\t\t\t\t<section class=\"elementor-section elementor-top-section elementor-element elementor-element-47c35f5b elementor-section-height-min-height elementor-section-boxed elementor-section-height-default elementor-section-items-middle\" data-id=\"47c35f5b\" data-element_type=\"section\" data-e-type=\"section\" data-settings=\"{&quot;background_background&quot;:&quot;classic&quot;}\">\n\t\t\t\t\t\t\t<div class=\"elementor-background-overlay\"><\/div>\n\t\t\t\t\t\t\t<div class=\"elementor-container elementor-column-gap-default\">\n\t\t\t\t\t<div class=\"elementor-column elementor-col-100 elementor-top-column elementor-element elementor-element-2ff9e972\" data-id=\"2ff9e972\" data-element_type=\"column\" data-e-type=\"column\">\n\t\t\t<div class=\"elementor-widget-wrap elementor-element-populated\">\n\t\t\t\t\t\t<div class=\"elementor-element elementor-element-4d9bafde elementor-widget elementor-widget-image\" data-id=\"4d9bafde\" data-element_type=\"widget\" data-e-type=\"widget\" data-widget_type=\"image.default\">\n\t\t\t\t<div class=\"elementor-widget-container\">\n\t\t\t\t\t\t\t\t\t\t\t\t\t\t\t<img fetchpriority=\"high\" decoding=\"async\" width=\"800\" height=\"800\" src=\"https:\/\/www.lavilladix.com\/wp-content\/uploads\/2022\/07\/V-Eau.svg\" class=\"attachment-large size-large wp-image-404\" alt=\"\" title=\"Photo -\">\t\t\t\t\t\t\t\t\t\t\t\t\t\t\t<\/div>\n\t\t\t\t<\/div>\n\t\t\t\t<div class=\"elementor-element elementor-element-36bdca18 elementor-widget elementor-widget-heading\" data-id=\"36bdca18\" data-element_type=\"widget\" data-e-type=\"widget\" data-widget_type=\"heading.default\">\n\t\t\t\t<div class=\"elementor-widget-container\">\n\t\t\t\t\t<h2 class=\"elementor-heading-title elementor-size-default\">Normandy<\/h2>\t\t\t\t<\/div>\n\t\t\t\t<\/div>\n\t\t\t\t<div class=\"elementor-element elementor-element-597919fb elementor-widget elementor-widget-heading\" data-id=\"597919fb\" data-element_type=\"widget\" data-e-type=\"widget\" data-widget_type=\"heading.default\">\n\t\t\t\t<div class=\"elementor-widget-container\">\n\t\t\t\t\t<h1 class=\"elementor-heading-title elementor-size-default\">Exciting region | What to do this weekend in Normandy?<\/h1>\t\t\t\t<\/div>\n\t\t\t\t<\/div>\n\t\t\t\t<div class=\"elementor-element elementor-element-5294e1d3 elementor-widget-divider--view-line elementor-widget elementor-widget-divider\" data-id=\"5294e1d3\" data-element_type=\"widget\" data-e-type=\"widget\" data-widget_type=\"divider.default\">\n\t\t\t\t<div class=\"elementor-widget-container\">\n\t\t\t\t\t\t\t<div class=\"elementor-divider\">\n\t\t\t<span class=\"elementor-divider-separator\">\n\t\t\t\t\t\t<\/span>\n\t\t<\/div>\n\t\t\t\t\t\t<\/div>\n\t\t\t\t<\/div>\n\t\t\t\t<div class=\"elementor-element elementor-element-14d0229f elementor-widget elementor-widget-text-editor\" data-id=\"14d0229f\" data-element_type=\"widget\" data-e-type=\"widget\" data-widget_type=\"text-editor.default\">\n\t\t\t\t<div class=\"elementor-widget-container\">\n\t\t\t\t\t\t\t\t\t<p>With its ideal location in the centre of Etretat, La Villa 10 H\u00f4tel Spa Normandie makes it easy to explore the region. By car or on foot or by bike, discover the coastline and its chalk cliffs that offer breathtaking views. Fall under the spell of Honfleur, contemplate the sea from the boards of Deauville, stroll along the fishing port of Trouville... All three towns are less than 1h30 away by car from La Villa 10 H\u00f4tel Spa Normandie.<br \/>Stroll through the Pays d'Auge, where the green and fat grass is dotted with thatched cottages, or through the bocage or the Vernier marsh, with its cows, birds and barnyards. Between rich history and authentic nature, Normandy offers you its many facets!<\/p>\t\t\t\t\t\t\t\t<\/div>\n\t\t\t\t<\/div>\n\t\t\t\t<div class=\"elementor-element elementor-element-53381250 bouton-transp elementor-align-justify elementor-widget__width-initial elementor-widget-mobile__width-initial elementor-widget elementor-widget-button\" data-id=\"53381250\" data-element_type=\"widget\" data-e-type=\"widget\" data-widget_type=\"button.default\">\n\t\t\t\t<div class=\"elementor-widget-container\">\n\t\t\t\t\t\t\t\t\t<div class=\"elementor-button-wrapper\">\n\t\t\t\t\t<a class=\"elementor-button elementor-button-link elementor-size-sm\" href=\"https:\/\/www.normandie-tourisme.fr\/\" target=\"_blank\" rel=\"nofollow noopener\">\n\t\t\t\t\t\t<span class=\"elementor-button-content-wrapper\">\n\t\t\t\t\t\t\t\t\t<span class=\"elementor-button-text\">Discover<\/span>\n\t\t\t\t\t<\/span>\n\t\t\t\t\t<\/a>\n\t\t\t\t<\/div>\n\t\t\t\t\t\t\t\t<\/div>\n\t\t\t\t<\/div>\n\t\t\t\t\t<\/div>\n\t\t<\/div>\n\t\t\t\t\t<\/div>\n\t\t<\/section>\n\t\t\t\t<section class=\"elementor-section elementor-top-section elementor-element elementor-element-9b687b elementor-section-boxed elementor-section-height-default elementor-section-height-default\" data-id=\"9b687b\" data-element_type=\"section\" data-e-type=\"section\">\n\t\t\t\t\t\t<div class=\"elementor-container elementor-column-gap-no\">\n\t\t\t\t\t<div class=\"elementor-column elementor-col-100 elementor-top-column elementor-element elementor-element-523f1472\" data-id=\"523f1472\" data-element_type=\"column\" data-e-type=\"column\">\n\t\t\t<div class=\"elementor-widget-wrap elementor-element-populated\">\n\t\t\t\t\t\t<div class=\"elementor-element elementor-element-2a53eb58 elementor-widget elementor-widget-heading\" data-id=\"2a53eb58\" data-element_type=\"widget\" data-e-type=\"widget\" data-widget_type=\"heading.default\">\n\t\t\t\t<div class=\"elementor-widget-container\">\n\t\t\t\t\t<h2 class=\"elementor-heading-title elementor-size-default\">Other places of interest<\/h2>\t\t\t\t<\/div>\n\t\t\t\t<\/div>\n\t\t\t\t<div class=\"elementor-element elementor-element-60e500b6 elementor-widget elementor-widget-heading\" data-id=\"60e500b6\" data-element_type=\"widget\" data-e-type=\"widget\" data-widget_type=\"heading.default\">\n\t\t\t\t<div class=\"elementor-widget-container\">\n\t\t\t\t\t<h3 class=\"elementor-heading-title elementor-size-default\">Around the hotel La Villa 10<\/h3>\t\t\t\t<\/div>\n\t\t\t\t<\/div>\n\t\t\t\t<div class=\"elementor-element elementor-element-36abe415 elementor-widget-divider--view-line elementor-widget elementor-widget-divider\" data-id=\"36abe415\" data-element_type=\"widget\" data-e-type=\"widget\" data-widget_type=\"divider.default\">\n\t\t\t\t<div class=\"elementor-widget-container\">\n\t\t\t\t\t\t\t<div class=\"elementor-divider\">\n\t\t\t<span class=\"elementor-divider-separator\">\n\t\t\t\t\t\t<\/span>\n\t\t<\/div>\n\t\t\t\t\t\t<\/div>\n\t\t\t\t<\/div>\n\t\t\t\t<div class=\"elementor-element elementor-element-4ad4e6c9 tourisme-autre elementor--h-position-center elementor--v-position-middle elementor-arrows-position-inside elementor-widget elementor-widget-slides\" data-id=\"4ad4e6c9\" data-element_type=\"widget\" data-e-type=\"widget\" data-settings=\"{&quot;navigation&quot;:&quot;arrows&quot;,&quot;autoplay&quot;:&quot;yes&quot;,&quot;pause_on_hover&quot;:&quot;yes&quot;,&quot;pause_on_interaction&quot;:&quot;yes&quot;,&quot;autoplay_speed&quot;:5000,&quot;infinite&quot;:&quot;yes&quot;,&quot;transition&quot;:&quot;slide&quot;,&quot;transition_speed&quot;:500}\" data-widget_type=\"slides.default\">\n\t\t\t\t<div class=\"elementor-widget-container\">\n\t\t\t\t\t\t\t\t\t<div class=\"elementor-swiper\">\n\t\t\t\t\t<div class=\"elementor-slides-wrapper elementor-main-swiper swiper\" role=\"region\" aria-roledescription=\"carousel\" aria-label=\"Slides\" dir=\"ltr\" data-animation=\"fadeInUp\">\n\t\t\t\t<div class=\"swiper-wrapper elementor-slides\">\n\t\t\t\t\t\t\t\t\t\t<div class=\"elementor-repeater-item-90f41e8 swiper-slide\" role=\"group\" aria-roledescription=\"slide\"><div class=\"swiper-slide-bg\" role=\"img\" aria-label=\"golf-g7c4193dbc_1920\"><\/div><div class=\"elementor-background-overlay\"><\/div><a class=\"swiper-slide-inner\" href=\"https:\/\/www.lavilladix.com\/en\/etretat-hotel\/golf-detretat\/\"><div class=\"swiper-slide-contents\"><div class=\"elementor-slide-heading\">Golf d'\u00c9tretat<\/div><div class=\"elementor-slide-description\">Discover Golf<\/div><div  class=\"elementor-button elementor-slide-button elementor-size-sm\">Discover<\/div><\/div><\/a><\/div><div class=\"elementor-repeater-item-1b5d2b5 swiper-slide\" role=\"group\" aria-roledescription=\"slide\"><div class=\"swiper-slide-bg\" role=\"img\" aria-label=\"gardens-and-state\"><\/div><div class=\"elementor-background-overlay\"><\/div><a class=\"swiper-slide-inner\" href=\"https:\/\/www.lavilladix.com\/en\/etretat-hotel\/les-jardins-detretat\/\"><div class=\"swiper-slide-contents\"><div class=\"elementor-slide-heading\">The Gardens of \u00c9tretat<\/div><div class=\"elementor-slide-description\">Discover the gardens<\/div><div  class=\"elementor-button elementor-slide-button elementor-size-sm\">Discover<\/div><\/div><\/a><\/div><div class=\"elementor-repeater-item-b85c195 swiper-slide\" role=\"group\" aria-roledescription=\"slide\"><div class=\"swiper-slide-bg\" role=\"img\" aria-label=\"etretat-gc17d3a49f_1920\"><\/div><div class=\"elementor-background-overlay\"><\/div><a class=\"swiper-slide-inner\" href=\"https:\/\/www.lavilladix.com\/en\/etretat-hotel\/falaises-detretat\/\"><div class=\"swiper-slide-contents\"><div class=\"elementor-slide-heading\">The cliffs of \u00c9tretat<\/div><div class=\"elementor-slide-description\">Discover the cliffs<\/div><div  class=\"elementor-button elementor-slide-button elementor-size-sm\">Discover<\/div><\/div><\/a><\/div>\t\t\t\t<\/div>\n\t\t\t\t\t\t\t\t\t\t\t\t\t\t\t<div class=\"elementor-swiper-button elementor-swiper-button-prev\" role=\"button\" tabindex=\"0\" aria-label=\"Previous slide\">\n\t\t\t\t\t\t\t<i aria-hidden=\"true\" class=\"eicon-chevron-left\"><\/i>\t\t\t\t\t\t<\/div>\n\t\t\t\t\t\t<div class=\"elementor-swiper-button elementor-swiper-button-next\" role=\"button\" tabindex=\"0\" aria-label=\"Next slide\">\n\t\t\t\t\t\t\t<i aria-hidden=\"true\" class=\"eicon-chevron-right\"><\/i>\t\t\t\t\t\t<\/div>\n\t\t\t\t\t\t\t\t\t\t\t\t\t\t\t\t\t<\/div>\n\t\t\t\t<\/div>\n\t\t\t\t\t\t\t\t<\/div>\n\t\t\t\t<\/div>\n\t\t\t\t\t<\/div>\n\t\t<\/div>\n\t\t\t\t\t<\/div>\n\t\t<\/section>\n\t\t\t\t<\/div>","protected":false},"excerpt":{"rendered":"<p>La Normandie R\u00e9gion passionnante | Que faire ce weekend en Normandie ? Avec sa situation id\u00e9ale en plein centre d\u2019Etretat, La Villa 10 H\u00f4tel Spa Normandie vous permet d\u2019explorer facilement la r\u00e9gion. En voiture ou le temps d\u2019une randonn\u00e9e \u00e0 pied ou \u00e0 v\u00e9lo, d\u00e9couvrez la c\u00f4te et ses falaises de craie qui offrent des [&hellip;]<\/p>\n","protected":false},"author":12,"featured_media":0,"parent":155,"menu_order":0,"comment_status":"closed","ping_status":"closed","template":"","meta":{"inline_featured_image":false,"footnotes":""},"class_list":["post-164","page","type-page","status-publish","hentry"],"_links":{"self":[{"href":"https:\/\/www.lavilladix.com\/en\/wp-json\/wp\/v2\/pages\/164","targetHints":{"allow":["GET"]}}],"collection":[{"href":"https:\/\/www.lavilladix.com\/en\/wp-json\/wp\/v2\/pages"}],"about":[{"href":"https:\/\/www.lavilladix.com\/en\/wp-json\/wp\/v2\/types\/page"}],"author":[{"embeddable":true,"href":"https:\/\/www.lavilladix.com\/en\/wp-json\/wp\/v2\/users\/12"}],"replies":[{"embeddable":true,"href":"https:\/\/www.lavilladix.com\/en\/wp-json\/wp\/v2\/comments?post=164"}],"version-history":[{"count":22,"href":"https:\/\/www.lavilladix.com\/en\/wp-json\/wp\/v2\/pages\/164\/revisions"}],"predecessor-version":[{"id":2604,"href":"https:\/\/www.lavilladix.com\/en\/wp-json\/wp\/v2\/pages\/164\/revisions\/2604"}],"up":[{"embeddable":true,"href":"https:\/\/www.lavilladix.com\/en\/wp-json\/wp\/v2\/pages\/155"}],"wp:attachment":[{"href":"https:\/\/www.lavilladix.com\/en\/wp-json\/wp\/v2\/media?parent=164"}],"curies":[{"name":"wp","href":"https:\/\/api.w.org\/{rel}","templated":true}]}}